{"id":38,"date":"2019-03-16T14:29:42","date_gmt":"2019-03-16T13:29:42","guid":{"rendered":"http:\/\/vasquererpostre.com\/?page_id=38"},"modified":"2020-07-01T17:35:44","modified_gmt":"2020-07-01T16:35:44","slug":"aviso-legal","status":"publish","type":"page","link":"https:\/\/vasquererpostre.com\/es\/aviso-legal\/","title":{"rendered":"AVISO LEGAL"},"content":{"rendered":"<p>En cumprimento co recollido no artigo 10 da lei 34\/2002, de 11 de xullo, de Servicios da Sociedade da Informaci\u00f3n e do Comercio Electr\u00f3nico (LSSI-CE), exponse o seguinte:<\/p>\n\n\n\n<p>O presente dominio vasquererpostre.gal (en adiante, \u201ca p\u00e1xina web\u201d) est\u00e1 rexistrado a nome de MELGO CINEMA SL (en adiante, \u201co titular\u201d), co CIF B70567672, domicilio en R\u00daA ORILLAMAR 35 4 CENTRO \u2013 15002 A CORU\u00d1A, e direcci\u00f3n de correo electr\u00f3nico info@melgocinema.com<\/p>\n\n\n\n<p>CONDICI\u00d3NS DE USO<\/p>\n\n\n\n<p>As presentes condici\u00f3ns de uso da p\u00e1xina web regulan os termos de acceso e uso de todos ou parte dos seus contidos e servizos. Dito acceso e uso por parte do usuario sup\u00f3n a aceptaci\u00f3n das condici\u00f3ns de uso. Por tanto, o usuario asume calquera responsabilidade que se puidera derivar do seu incumprimento.<\/p>\n\n\n\n<p>O usuario non poder\u00e1 utilizar a p\u00e1gina web para actividades contrarias \u00e1 Lei, a boa fe, a moral e a orde p\u00fablica.<\/p>\n\n\n\n<p>O usuario non poder\u00e1 utilizar a p\u00e1xina web para transmitir, almacenar, divulgar, promover ou distribu\u00edr datos ou contidos que sexan portadores de virus ou calquera outro c\u00f3digo inform\u00e1tico malicioso, dese\u00f1ados para interromper, prexudicar ou destru\u00edr o funcionamento de calquera programa ou equipo inform\u00e1tico ou de telecomunicaci\u00f3ns.<\/p>\n\n\n\n<p>Quedan expresamente prohibidas a reproduci\u00f3n, a distribuci\u00f3n e a comunicaci\u00f3n p\u00fablica con fines comerciais da totalidade ou parte dos contidos da p\u00e1xina web, en calquera soporte e por calquera medio t\u00e9cnico, sen a autorizaci\u00f3n expresa do titular. Asimesmo, queda prohibida a difusi\u00f3n, almacenamento e\/ou xesti\u00f3n de datos ou contidos que infrinxan dereitos de terceiros ou calquera normativa reguladora de dereitos de propiedade intelectual ou industrial, a menos que se conte coa debida autorizaci\u00f3n por parte dos propietarios dos dereitos.<\/p>\n\n\n\n<p>O titular non garante a dispo\u00f1ibilidade continua e permanente do acceso e uso da p\u00e1xina web, quedando deste modo sen responsabilidade por posibles danos e prexu\u00edzos causados como consecuencia da falta de dispo\u00f1ibilidade do servizo por motivos de forza maior ou erros nas redes telem\u00e1ticas de transferencia de datos, alleos \u00e1 s\u00faa vontade, ou por desconexi\u00f3ns realizadas por traballos de mellora ou mantemento dos equipos e sistemas inform\u00e1ticos. Asimesmo, non se responsabiliza das posibles omisi\u00f3ns, perdas de informaci\u00f3n, datos, configuraci\u00f3ns, accesos indebidos ou vulneraci\u00f3n da confidencialidade que te\u00f1a orixe en problemas t\u00e9cnicos, de comunicaci\u00f3ns ou causas humanas, provocados por terceiros ou non imputables \u00e1 p\u00e1xina web.<\/p>\n\n\n\n<p>A presenza de calquera hiperv\u00ednculo entre a p\u00e1xina web e calquera outra p\u00e1xina web excl\u00fae ao titular de responsabilidade polos contidos ou servizos postos a disposici\u00f3n do p\u00fablico en aquelas outras p\u00e1xinas webs, as\u00ed como das informaci\u00f3ns e manifestaci\u00f3ns inclu\u00eddas nas mesmas.<\/p>\n\n\n\n<p>O titular non se fai responsable dos danos e prexu\u00edzos de calquera natureza que puideran derivar da falta de utilidade, adecuaci\u00f3n ou validez da p\u00e1xina web e\/ou dos seus servizos ou contidos para satisfacer necesidades, actividades ou resultados concretos ou expectativas do usuario.<\/p>\n\n\n\n<p>As presentes condici\u00f3ns de uso r\u00edxense pola lexislaci\u00f3n espa\u00f1ola. O titular e o usuario, con renuncia expresa a calquera outro foro que lles puidera corresponder, som\u00e9tense \u00e1 Xurisdicci\u00f3n dos Xulgados e Tribunais do domicilio do usuario para cantas cuesti\u00f3ns puideran suscitarse ou acci\u00f3ns exercitarse derivadas da prestaci\u00f3n do servizo da p\u00e1xina web e dos seus contidos e sobre a interpretaci\u00f3n, aplicaci\u00f3n, cumprimento ou incumprimento do aqu\u00ed establecido. No suposto de que o usuario te\u00f1a o domicilio f\u00f3ra de Espa\u00f1a, a empresa e o usuario, con renuncia expresa a calquera outro foro que lles puidera corresponder, som\u00e9tense \u00e1 Xurisdicci\u00f3n dos Xulgados e Tribunais de A CORU\u00d1A.<\/p>\n\n\n\n<p>O titular res\u00e9rvase a facultade de modificar en calquera momento, e sen previo aviso, a estrutura, dese\u00f1o, contidos e condici\u00f3ns de uso da p\u00e1xina web.<\/p>","protected":false},"excerpt":{"rendered":"<p>En cumprimento co recollido no artigo 10 da lei 34\/2002, de 11 de xullo, de Servicios da Sociedade da Informaci\u00f3n e do Comercio Electr\u00f3nico (LSSI-CE), exponse o seguinte: O presente dominio vasquererpostre.gal (en adiante, \u201ca p\u00e1xina web\u201d) est\u00e1 rexistrado a nome de MELGO CINEMA SL (en adiante, \u201co titular\u201d), co CIF B70567672, domicilio en R\u00daA&hellip; <br \/> <a class=\"button small blue\" href=\"https:\/\/vasquererpostre.com\/es\/aviso-legal\/\">Leer m\u00e1s<\/a><\/p>","protected":false},"author":1,"featured_media":0,"parent":0,"menu_order":0,"comment_status":"closed","ping_status":"closed","template":"","meta":{"footnotes":""},"class_list":["post-38","page","type-page","status-publish","hentry"],"yoast_head":"<!-- This site is optimized with the Yoast SEO plugin v27.3 - https:\/\/yoast.com\/product\/yoast-seo-wordpress\/ -->\n<title>AVISO LEGAL - Postre<\/title>\n<meta name=\"description\" content=\"Condici\u00f3ns de uso da p\u00e1xina web da curtametraxe &quot;Postre&quot;. Escrita e dirixida por Roberto Alvite e producida por Melgo Cinema. Cine social desde Galicia.\" \/>\n<meta name=\"robots\" content=\"index, follow, max-snippet:-1, max-image-preview:large, max-video-preview:-1\" \/>\n<link rel=\"canonical\" href=\"https:\/\/vasquererpostre.com\/es\/aviso-legal\/\" \/>\n<meta property=\"og:locale\" content=\"es_ES\" \/>\n<meta property=\"og:type\" content=\"article\" \/>\n<meta property=\"og:title\" content=\"AVISO LEGAL - Postre\" \/>\n<meta property=\"og:description\" content=\"Condici\u00f3ns de uso da p\u00e1xina web da curtametraxe &quot;Postre&quot;. Escrita e dirixida por Roberto Alvite e producida por Melgo Cinema. Cine social desde Galicia.\" \/>\n<meta property=\"og:url\" content=\"https:\/\/vasquererpostre.com\/es\/aviso-legal\/\" \/>\n<meta property=\"og:site_name\" content=\"Postre\" \/>\n<meta property=\"article:publisher\" content=\"https:\/\/www.facebook.com\/melgocinema\/\" \/>\n<meta property=\"article:modified_time\" content=\"2020-07-01T16:35:44+00:00\" \/>\n<meta name=\"twitter:card\" content=\"summary_large_image\" \/>\n<meta name=\"twitter:label1\" content=\"Tiempo de lectura\" \/>\n\t<meta name=\"twitter:data1\" content=\"3 minutos\" \/>\n<script type=\"application\/ld+json\" class=\"yoast-schema-graph\">{\"@context\":\"https:\\\/\\\/schema.org\",\"@graph\":[{\"@type\":\"WebPage\",\"@id\":\"https:\\\/\\\/vasquererpostre.com\\\/aviso-legal\\\/\",\"url\":\"https:\\\/\\\/vasquererpostre.com\\\/aviso-legal\\\/\",\"name\":\"AVISO LEGAL - Postre\",\"isPartOf\":{\"@id\":\"https:\\\/\\\/vasquererpostre.com\\\/#website\"},\"datePublished\":\"2019-03-16T13:29:42+00:00\",\"dateModified\":\"2020-07-01T16:35:44+00:00\",\"description\":\"Condici\u00f3ns de uso da p\u00e1xina web da curtametraxe \\\"Postre\\\". Escrita e dirixida por Roberto Alvite e producida por Melgo Cinema. Cine social desde Galicia.\",\"breadcrumb\":{\"@id\":\"https:\\\/\\\/vasquererpostre.com\\\/aviso-legal\\\/#breadcrumb\"},\"inLanguage\":\"es\",\"potentialAction\":[{\"@type\":\"ReadAction\",\"target\":[\"https:\\\/\\\/vasquererpostre.com\\\/aviso-legal\\\/\"]}]},{\"@type\":\"BreadcrumbList\",\"@id\":\"https:\\\/\\\/vasquererpostre.com\\\/aviso-legal\\\/#breadcrumb\",\"itemListElement\":[{\"@type\":\"ListItem\",\"position\":1,\"name\":\"Portada\",\"item\":\"https:\\\/\\\/vasquererpostre.com\\\/\"},{\"@type\":\"ListItem\",\"position\":2,\"name\":\"AVISO LEGAL\"}]},{\"@type\":\"WebSite\",\"@id\":\"https:\\\/\\\/vasquererpostre.com\\\/#website\",\"url\":\"https:\\\/\\\/vasquererpostre.com\\\/\",\"name\":\"Postre\",\"description\":\"Cine social pola familia e a vellez\",\"publisher\":{\"@id\":\"https:\\\/\\\/vasquererpostre.com\\\/#organization\"},\"potentialAction\":[{\"@type\":\"SearchAction\",\"target\":{\"@type\":\"EntryPoint\",\"urlTemplate\":\"https:\\\/\\\/vasquererpostre.com\\\/?s={search_term_string}\"},\"query-input\":{\"@type\":\"PropertyValueSpecification\",\"valueRequired\":true,\"valueName\":\"search_term_string\"}}],\"inLanguage\":\"es\"},{\"@type\":\"Organization\",\"@id\":\"https:\\\/\\\/vasquererpostre.com\\\/#organization\",\"name\":\"Melgo Cinema\",\"url\":\"https:\\\/\\\/vasquererpostre.com\\\/\",\"logo\":{\"@type\":\"ImageObject\",\"inLanguage\":\"es\",\"@id\":\"https:\\\/\\\/vasquererpostre.com\\\/#\\\/schema\\\/logo\\\/image\\\/\",\"url\":\"http:\\\/\\\/vasquererpostre.com\\\/wp-content\\\/uploads\\\/2019\\\/03\\\/melgocinema-bloque-png.png\",\"contentUrl\":\"http:\\\/\\\/vasquererpostre.com\\\/wp-content\\\/uploads\\\/2019\\\/03\\\/melgocinema-bloque-png.png\",\"width\":4961,\"height\":3508,\"caption\":\"Melgo Cinema\"},\"image\":{\"@id\":\"https:\\\/\\\/vasquererpostre.com\\\/#\\\/schema\\\/logo\\\/image\\\/\"},\"sameAs\":[\"https:\\\/\\\/www.facebook.com\\\/melgocinema\\\/\",\"https:\\\/\\\/instagram.com\\\/melgocinema\\\/\",\"https:\\\/\\\/www.linkedin.com\\\/company\\\/melgo-cinema\\\/\"]}]}<\/script>\n<!-- \/ Yoast SEO plugin. -->","yoast_head_json":{"title":"AVISO LEGAL - Postre","description":"Condici\u00f3ns de uso da p\u00e1xina web da curtametraxe \"Postre\". Escrita e dirixida por Roberto Alvite e producida por Melgo Cinema. Cine social desde Galicia.","robots":{"index":"index","follow":"follow","max-snippet":"max-snippet:-1","max-image-preview":"max-image-preview:large","max-video-preview":"max-video-preview:-1"},"canonical":"https:\/\/vasquererpostre.com\/es\/aviso-legal\/","og_locale":"es_ES","og_type":"article","og_title":"AVISO LEGAL - Postre","og_description":"Condici\u00f3ns de uso da p\u00e1xina web da curtametraxe \"Postre\". Escrita e dirixida por Roberto Alvite e producida por Melgo Cinema. Cine social desde Galicia.","og_url":"https:\/\/vasquererpostre.com\/es\/aviso-legal\/","og_site_name":"Postre","article_publisher":"https:\/\/www.facebook.com\/melgocinema\/","article_modified_time":"2020-07-01T16:35:44+00:00","twitter_card":"summary_large_image","twitter_misc":{"Tiempo de lectura":"3 minutos"},"schema":{"@context":"https:\/\/schema.org","@graph":[{"@type":"WebPage","@id":"https:\/\/vasquererpostre.com\/aviso-legal\/","url":"https:\/\/vasquererpostre.com\/aviso-legal\/","name":"AVISO LEGAL - Postre","isPartOf":{"@id":"https:\/\/vasquererpostre.com\/#website"},"datePublished":"2019-03-16T13:29:42+00:00","dateModified":"2020-07-01T16:35:44+00:00","description":"Condici\u00f3ns de uso da p\u00e1xina web da curtametraxe \"Postre\". Escrita e dirixida por Roberto Alvite e producida por Melgo Cinema. Cine social desde Galicia.","breadcrumb":{"@id":"https:\/\/vasquererpostre.com\/aviso-legal\/#breadcrumb"},"inLanguage":"es","potentialAction":[{"@type":"ReadAction","target":["https:\/\/vasquererpostre.com\/aviso-legal\/"]}]},{"@type":"BreadcrumbList","@id":"https:\/\/vasquererpostre.com\/aviso-legal\/#breadcrumb","itemListElement":[{"@type":"ListItem","position":1,"name":"Portada","item":"https:\/\/vasquererpostre.com\/"},{"@type":"ListItem","position":2,"name":"AVISO LEGAL"}]},{"@type":"WebSite","@id":"https:\/\/vasquererpostre.com\/#website","url":"https:\/\/vasquererpostre.com\/","name":"Postre","description":"Cine social por la familia y la vejez","publisher":{"@id":"https:\/\/vasquererpostre.com\/#organization"},"potentialAction":[{"@type":"SearchAction","target":{"@type":"EntryPoint","urlTemplate":"https:\/\/vasquererpostre.com\/?s={search_term_string}"},"query-input":{"@type":"PropertyValueSpecification","valueRequired":true,"valueName":"search_term_string"}}],"inLanguage":"es"},{"@type":"Organization","@id":"https:\/\/vasquererpostre.com\/#organization","name":"Melgo Cinema","url":"https:\/\/vasquererpostre.com\/","logo":{"@type":"ImageObject","inLanguage":"es","@id":"https:\/\/vasquererpostre.com\/#\/schema\/logo\/image\/","url":"http:\/\/vasquererpostre.com\/wp-content\/uploads\/2019\/03\/melgocinema-bloque-png.png","contentUrl":"http:\/\/vasquererpostre.com\/wp-content\/uploads\/2019\/03\/melgocinema-bloque-png.png","width":4961,"height":3508,"caption":"Melgo Cinema"},"image":{"@id":"https:\/\/vasquererpostre.com\/#\/schema\/logo\/image\/"},"sameAs":["https:\/\/www.facebook.com\/melgocinema\/","https:\/\/instagram.com\/melgocinema\/","https:\/\/www.linkedin.com\/company\/melgo-cinema\/"]}]}},"_links":{"self":[{"href":"https:\/\/vasquererpostre.com\/es\/wp-json\/wp\/v2\/pages\/38","targetHints":{"allow":["GET"]}}],"collection":[{"href":"https:\/\/vasquererpostre.com\/es\/wp-json\/wp\/v2\/pages"}],"about":[{"href":"https:\/\/vasquererpostre.com\/es\/wp-json\/wp\/v2\/types\/page"}],"author":[{"embeddable":true,"href":"https:\/\/vasquererpostre.com\/es\/wp-json\/wp\/v2\/users\/1"}],"replies":[{"embeddable":true,"href":"https:\/\/vasquererpostre.com\/es\/wp-json\/wp\/v2\/comments?post=38"}],"version-history":[{"count":2,"href":"https:\/\/vasquererpostre.com\/es\/wp-json\/wp\/v2\/pages\/38\/revisions"}],"predecessor-version":[{"id":138,"href":"https:\/\/vasquererpostre.com\/es\/wp-json\/wp\/v2\/pages\/38\/revisions\/138"}],"wp:attachment":[{"href":"https:\/\/vasquererpostre.com\/es\/wp-json\/wp\/v2\/media?parent=38"}],"curies":[{"name":"wp","href":"https:\/\/api.w.org\/{rel}","templated":true}]}}